{"id":1107,"date":"2025-07-12T14:05:49","date_gmt":"2025-07-12T12:05:49","guid":{"rendered":"https:\/\/test.yafabeauty.com\/?post_type=product&#038;p=1107"},"modified":"2025-07-12T14:06:00","modified_gmt":"2025-07-12T12:06:00","slug":"huile-reparatrice","status":"publish","type":"product","link":"https:\/\/test.yafabeauty.com\/index.php\/product\/huile-reparatrice\/","title":{"rendered":"HUILE REPARATRICE"},"content":{"rendered":"<p>Composition :Huile de coco , ail , et principes actifs<\/p>\n<ul>\n<li class=\"p1\">Ultra Nourrissante<\/li>\n<li class=\"p1\">Apporte souplesse et \u00e9clat aux cheveux<\/li>\n<li class=\"p1\">R\u00e9pares les pointes abim\u00e9es s\u00e8ches et<span class=\"Apple-converted-space\">\u00a0 <\/span>cassantes<\/li>\n<li class=\"p1\">Apporte brillance et rend moins terne les cheveux surtout au niveau des longueurs<\/li>\n<li class=\"p1\">En bain d\u2019huile , elle potentialisera l\u2019effet de la creme booster , pour une pousse plus vigoureuse et plus rapide .<\/li>\n<\/ul>\n","protected":false},"excerpt":{"rendered":"<ul>\n<li class=\"p1\">Ultra Nourrissante<\/li>\n<li class=\"p1\">Apporte souplesse et \u00e9clat aux cheveux<\/li>\n<li class=\"p1\">R\u00e9pares les pointes abim\u00e9es s\u00e8ches et<span class=\"Apple-converted-space\">\u00a0 <\/span>cassantes<\/li>\n<li class=\"p1\">Apporte brillance et rend moins terne les cheveux surtout au niveau des longueurs<\/li>\n<li class=\"p1\">En bain d\u2019huile , elle potentialisera l\u2019effet de la creme booster , pour une pousse plus vigoureuse et plus rapide .<\/li>\n<\/ul>\n","protected":false},"featured_media":1148,"comment_status":"open","ping_status":"closed","template":"","meta":[],"etheme_brands":[],"product_brand":[],"product_cat":[27,28],"product_tag":[],"class_list":{"0":"post-1107","1":"product","2":"type-product","3":"status-publish","4":"has-post-thumbnail","6":"product_cat-magic-hair-love","7":"product_cat-produits-pour-cheveux","9":"first","10":"instock","11":"shipping-taxable","12":"purchasable","13":"product-type-simple"},"_links":{"self":[{"href":"https:\/\/test.yafabeauty.com\/index.php\/wp-json\/wp\/v2\/product\/1107","targetHints":{"allow":["GET"]}}],"collection":[{"href":"https:\/\/test.yafabeauty.com\/index.php\/wp-json\/wp\/v2\/product"}],"about":[{"href":"https:\/\/test.yafabeauty.com\/index.php\/wp-json\/wp\/v2\/types\/product"}],"replies":[{"embeddable":true,"href":"https:\/\/test.yafabeauty.com\/index.php\/wp-json\/wp\/v2\/comments?post=1107"}],"version-history":[{"count":1,"href":"https:\/\/test.yafabeauty.com\/index.php\/wp-json\/wp\/v2\/product\/1107\/revisions"}],"predecessor-version":[{"id":1149,"href":"https:\/\/test.yafabeauty.com\/index.php\/wp-json\/wp\/v2\/product\/1107\/revisions\/1149"}],"wp:featuredmedia":[{"embeddable":true,"href":"https:\/\/test.yafabeauty.com\/index.php\/wp-json\/wp\/v2\/media\/1148"}],"wp:attachment":[{"href":"https:\/\/test.yafabeauty.com\/index.php\/wp-json\/wp\/v2\/media?parent=1107"}],"wp:term":[{"taxonomy":"brand","embeddable":true,"href":"https:\/\/test.yafabeauty.com\/index.php\/wp-json\/wp\/v2\/etheme_brands?post=1107"},{"taxonomy":"product_brand","embeddable":true,"href":"https:\/\/test.yafabeauty.com\/index.php\/wp-json\/wp\/v2\/product_brand?post=1107"},{"taxonomy":"product_cat","embeddable":true,"href":"https:\/\/test.yafabeauty.com\/index.php\/wp-json\/wp\/v2\/product_cat?post=1107"},{"taxonomy":"product_tag","embeddable":true,"href":"https:\/\/test.yafabeauty.com\/index.php\/wp-json\/wp\/v2\/product_tag?post=1107"}],"curies":[{"name":"wp","href":"https:\/\/api.w.org\/{rel}","templated":true}]}}