{"id":1109,"date":"2025-07-12T14:05:49","date_gmt":"2025-07-12T12:05:49","guid":{"rendered":"https:\/\/test.yafabeauty.com\/?post_type=product&#038;p=1109"},"modified":"2025-07-12T14:06:03","modified_gmt":"2025-07-12T12:06:03","slug":"le-savon-nettoyant","status":"publish","type":"product","link":"https:\/\/test.yafabeauty.com\/index.php\/product\/le-savon-nettoyant\/","title":{"rendered":"LE SAVON NETTOYANT"},"content":{"rendered":"<p class=\"p1\">Composition :Cacao , Alep<\/p>\n<ul>\n<li class=\"p1\">Savon doux \u00e0 base d\u2019argile et de plantes :<\/li>\n<li class=\"p1\">Nettoie la peau en douceur<\/li>\n<li class=\"p1\">Elimine les boutons<\/li>\n<li class=\"p1\">Rend la peau plus lisse<\/li>\n<li class=\"p1\">Redonne un coup d\u2019\u00e9clat<\/li>\n<li class=\"p1\">Elimine l\u2019exc\u00e8s de sebum<\/li>\n<li class=\"p1\">Clarifie et illumine le teint sans vous d\u00e9caper ou vous d\u00e9pigmenter la peau .<\/li>\n<\/ul>\n","protected":false},"excerpt":{"rendered":"<p>C\u2019est No\u00ebl chez nous \ud83e\udd29\ud83c\udf85 .<br \/>\nNous commen\u00e7ons les festivit\u00e9s avec votre produit chouchou , nous vous le pr\u00e9sentons en grand format au M\u00caME PRIX , profitez de 100 g offert jusqu\u2019\u00e0 la limite du stock disponible pour tout savon nettoyant achet\u00e9. Shoppez le maintenant . \ud83e\udd73\ud83e\udd73\ud83e\udd73. D\u2019autres surprises arrivent . Restez connectes .<br \/>\n\u2014\u2014\u2014\u2014\u2014\u2014\u2014\u2014\u2014\u2014\u2014\u2014\u2014-<\/p>\n<p>Savon doux \u00e0 base d\u2019argile et de plantes : \u2022Nettoie la peau en douceur<br \/>\n\u2022Elimine les boutons<br \/>\n\u2022Rend la peau plus lisse<br \/>\n\u2022Redonne un coup d\u2019\u00e9clat<br \/>\n\u2022Elimine l\u2019exc\u00e8s de sebum<br \/>\n\u2022Clarifie et illumine le teint sans vous d\u00e9caper ou vous d\u00e9pigmenter la peau .<br \/>\nPrix : 5500<\/p>\n","protected":false},"featured_media":1156,"comment_status":"open","ping_status":"closed","template":"","meta":[],"etheme_brands":[],"product_brand":[],"product_cat":[29,30,31],"product_tag":[],"class_list":{"0":"post-1109","1":"product","2":"type-product","3":"status-publish","4":"has-post-thumbnail","6":"product_cat-magic-skin-love","7":"product_cat-nouveautes","8":"product_cat-soin-de-visage","10":"first","11":"instock","12":"shipping-taxable","13":"purchasable","14":"product-type-simple"},"_links":{"self":[{"href":"https:\/\/test.yafabeauty.com\/index.php\/wp-json\/wp\/v2\/product\/1109","targetHints":{"allow":["GET"]}}],"collection":[{"href":"https:\/\/test.yafabeauty.com\/index.php\/wp-json\/wp\/v2\/product"}],"about":[{"href":"https:\/\/test.yafabeauty.com\/index.php\/wp-json\/wp\/v2\/types\/product"}],"replies":[{"embeddable":true,"href":"https:\/\/test.yafabeauty.com\/index.php\/wp-json\/wp\/v2\/comments?post=1109"}],"version-history":[{"count":1,"href":"https:\/\/test.yafabeauty.com\/index.php\/wp-json\/wp\/v2\/product\/1109\/revisions"}],"predecessor-version":[{"id":1157,"href":"https:\/\/test.yafabeauty.com\/index.php\/wp-json\/wp\/v2\/product\/1109\/revisions\/1157"}],"wp:featuredmedia":[{"embeddable":true,"href":"https:\/\/test.yafabeauty.com\/index.php\/wp-json\/wp\/v2\/media\/1156"}],"wp:attachment":[{"href":"https:\/\/test.yafabeauty.com\/index.php\/wp-json\/wp\/v2\/media?parent=1109"}],"wp:term":[{"taxonomy":"brand","embeddable":true,"href":"https:\/\/test.yafabeauty.com\/index.php\/wp-json\/wp\/v2\/etheme_brands?post=1109"},{"taxonomy":"product_brand","embeddable":true,"href":"https:\/\/test.yafabeauty.com\/index.php\/wp-json\/wp\/v2\/product_brand?post=1109"},{"taxonomy":"product_cat","embeddable":true,"href":"https:\/\/test.yafabeauty.com\/index.php\/wp-json\/wp\/v2\/product_cat?post=1109"},{"taxonomy":"product_tag","embeddable":true,"href":"https:\/\/test.yafabeauty.com\/index.php\/wp-json\/wp\/v2\/product_tag?post=1109"}],"curies":[{"name":"wp","href":"https:\/\/api.w.org\/{rel}","templated":true}]}}