{"id":1110,"date":"2025-07-12T14:05:49","date_gmt":"2025-07-12T12:05:49","guid":{"rendered":"https:\/\/test.yafabeauty.com\/?post_type=product&#038;p=1110"},"modified":"2025-07-12T14:06:03","modified_gmt":"2025-07-12T12:06:03","slug":"le-lait-ecreme-250ml","status":"publish","type":"product","link":"https:\/\/test.yafabeauty.com\/index.php\/product\/le-lait-ecreme-250ml\/","title":{"rendered":"LE LAIT \u00c9CR\u00c9M\u00c9 (250ML)"},"content":{"rendered":"<p>Composition :Cacao , lavande,<span class=\"Apple-converted-space\">\u00a0 <\/span>vit E<\/p>\n<p class=\"p1\">Utilisation :<\/p>\n<ul>\n<li style=\"list-style-type: none\">\n<ul>\n<li class=\"p1\">Hydrate intens\u00e9ment la peau<\/li>\n<li class=\"p1\">Lisse le grain de peau<\/li>\n<li class=\"p1\">Unifie et illumine le teint<\/li>\n<li class=\"p1\">Att\u00e9nue les taches et les cicatrices<\/li>\n<li class=\"p1\">Am\u00e9liore la souplesse et l\u2019\u00e9lasticit\u00e9 de la peau<\/li>\n<li class=\"p1\">Aide la peau \u00e0 se r\u00e9g\u00e9n\u00e9rer.<\/li>\n<li class=\"p1\">Grace \u00e0 l\u2019action combin\u00e9e du beurre de cacao de l\u2019avocat et de la lavande votre peau sera intens\u00e9ment nourrie , unifi\u00e9e , avec un teint lisse et \u00e9clatant.<\/li>\n<\/ul>\n<\/li>\n<\/ul>\n<p>. IL NE S&rsquo;APPLIQUE PAS SUR LE VISAGE.<\/p>\n","protected":false},"excerpt":{"rendered":"<p class=\"p1\">\u2022Hydrate intens\u00e9ment la peau<\/p>\n<p class=\"p1\">\u2022Lisse le grain de peau<\/p>\n<p class=\"p1\">\u2022Unifie et illumine le teint<\/p>\n<p class=\"p1\">\u2022Att\u00e9nue les taches et les cicatrices<\/p>\n<p class=\"p1\">\u2022Am\u00e9liore la souplesse et l\u2019\u00e9lasticit\u00e9 de la peau<\/p>\n<p class=\"p1\">\u2022Aide la peau \u00e0 se r\u00e9g\u00e9n\u00e9rer.<\/p>\n","protected":false},"featured_media":1159,"comment_status":"open","ping_status":"closed","template":"","meta":[],"etheme_brands":[],"product_brand":[],"product_cat":[29,32],"product_tag":[],"class_list":{"0":"post-1110","1":"product","2":"type-product","3":"status-publish","4":"has-post-thumbnail","6":"product_cat-magic-skin-love","7":"product_cat-soin-de-corps","9":"first","10":"instock","11":"shipping-taxable","12":"purchasable","13":"product-type-simple"},"_links":{"self":[{"href":"https:\/\/test.yafabeauty.com\/index.php\/wp-json\/wp\/v2\/product\/1110","targetHints":{"allow":["GET"]}}],"collection":[{"href":"https:\/\/test.yafabeauty.com\/index.php\/wp-json\/wp\/v2\/product"}],"about":[{"href":"https:\/\/test.yafabeauty.com\/index.php\/wp-json\/wp\/v2\/types\/product"}],"replies":[{"embeddable":true,"href":"https:\/\/test.yafabeauty.com\/index.php\/wp-json\/wp\/v2\/comments?post=1110"}],"version-history":[{"count":1,"href":"https:\/\/test.yafabeauty.com\/index.php\/wp-json\/wp\/v2\/product\/1110\/revisions"}],"predecessor-version":[{"id":1160,"href":"https:\/\/test.yafabeauty.com\/index.php\/wp-json\/wp\/v2\/product\/1110\/revisions\/1160"}],"wp:featuredmedia":[{"embeddable":true,"href":"https:\/\/test.yafabeauty.com\/index.php\/wp-json\/wp\/v2\/media\/1159"}],"wp:attachment":[{"href":"https:\/\/test.yafabeauty.com\/index.php\/wp-json\/wp\/v2\/media?parent=1110"}],"wp:term":[{"taxonomy":"brand","embeddable":true,"href":"https:\/\/test.yafabeauty.com\/index.php\/wp-json\/wp\/v2\/etheme_brands?post=1110"},{"taxonomy":"product_brand","embeddable":true,"href":"https:\/\/test.yafabeauty.com\/index.php\/wp-json\/wp\/v2\/product_brand?post=1110"},{"taxonomy":"product_cat","embeddable":true,"href":"https:\/\/test.yafabeauty.com\/index.php\/wp-json\/wp\/v2\/product_cat?post=1110"},{"taxonomy":"product_tag","embeddable":true,"href":"https:\/\/test.yafabeauty.com\/index.php\/wp-json\/wp\/v2\/product_tag?post=1110"}],"curies":[{"name":"wp","href":"https:\/\/api.w.org\/{rel}","templated":true}]}}