{"id":1113,"date":"2025-07-12T14:05:50","date_gmt":"2025-07-12T12:05:50","guid":{"rendered":"https:\/\/test.yafabeauty.com\/?post_type=product&#038;p=1113"},"modified":"2025-07-12T14:06:07","modified_gmt":"2025-07-12T12:06:07","slug":"lait-capillaire-hydratant-sans-rincage","status":"publish","type":"product","link":"https:\/\/test.yafabeauty.com\/index.php\/product\/lait-capillaire-hydratant-sans-rincage\/","title":{"rendered":"Lait capillaire Hydratant sans rin\u00e7age"},"content":{"rendered":"<ul>\n<li class=\"p1\">\u00a0Hydrate vos longueurs en toute l\u00e9g\u00e8ret\u00e9 .<\/li>\n<li class=\"p1\">Nourrit en profondeur les cheveux secs<\/li>\n<li class=\"p1\">R\u00e9duits l&rsquo;ass\u00e8chement des cheveux.<\/li>\n<li class=\"p1\">Aide \u00e0 revitaliser les cheveux en transition.<\/li>\n<li class=\"p1\">Restaure la douceur.<\/li>\n<li class=\"p1\">Apporte un toucher soyeux.<\/li>\n<li class=\"p1\">Prot\u00e8ge de la casse.<\/li>\n<li class=\"p1\">Fournit une hydratation intense qui laisse les cheveux doux et mall\u00e9ables.<\/li>\n<\/ul>\n","protected":false},"excerpt":{"rendered":"<p>Composition : Eau , lait de coco , eau de rose<\/p>\n<p>Utilisation :<\/p>\n<ul>\n<li class=\"p1\">\u00a0Hydrate vos longueurs en toute l\u00e9g\u00e8ret\u00e9 .<\/li>\n<li class=\"p1\">Nourrit en profondeur les cheveux secs<\/li>\n<li class=\"p1\">R\u00e9duits l&rsquo;ass\u00e8chement des cheveux.<\/li>\n<li class=\"p1\">Aide \u00e0 revitaliser les cheveux en transition.<\/li>\n<li class=\"p1\">Restaure la douceur.<\/li>\n<li class=\"p1\">Apporte un toucher soyeux.<\/li>\n<li class=\"p1\">Prot\u00e8ge de la casse.<\/li>\n<li class=\"p1\">Fournit une hydratation intense qui laisse les cheveux doux et mall\u00e9ables.<\/li>\n<\/ul>\n","protected":false},"featured_media":1169,"comment_status":"open","ping_status":"closed","template":"","meta":[],"etheme_brands":[],"product_brand":[],"product_cat":[27,28],"product_tag":[],"class_list":{"0":"post-1113","1":"product","2":"type-product","3":"status-publish","4":"has-post-thumbnail","6":"product_cat-magic-hair-love","7":"product_cat-produits-pour-cheveux","9":"first","10":"instock","11":"shipping-taxable","12":"purchasable","13":"product-type-simple"},"_links":{"self":[{"href":"https:\/\/test.yafabeauty.com\/index.php\/wp-json\/wp\/v2\/product\/1113","targetHints":{"allow":["GET"]}}],"collection":[{"href":"https:\/\/test.yafabeauty.com\/index.php\/wp-json\/wp\/v2\/product"}],"about":[{"href":"https:\/\/test.yafabeauty.com\/index.php\/wp-json\/wp\/v2\/types\/product"}],"replies":[{"embeddable":true,"href":"https:\/\/test.yafabeauty.com\/index.php\/wp-json\/wp\/v2\/comments?post=1113"}],"version-history":[{"count":1,"href":"https:\/\/test.yafabeauty.com\/index.php\/wp-json\/wp\/v2\/product\/1113\/revisions"}],"predecessor-version":[{"id":1170,"href":"https:\/\/test.yafabeauty.com\/index.php\/wp-json\/wp\/v2\/product\/1113\/revisions\/1170"}],"wp:featuredmedia":[{"embeddable":true,"href":"https:\/\/test.yafabeauty.com\/index.php\/wp-json\/wp\/v2\/media\/1169"}],"wp:attachment":[{"href":"https:\/\/test.yafabeauty.com\/index.php\/wp-json\/wp\/v2\/media?parent=1113"}],"wp:term":[{"taxonomy":"brand","embeddable":true,"href":"https:\/\/test.yafabeauty.com\/index.php\/wp-json\/wp\/v2\/etheme_brands?post=1113"},{"taxonomy":"product_brand","embeddable":true,"href":"https:\/\/test.yafabeauty.com\/index.php\/wp-json\/wp\/v2\/product_brand?post=1113"},{"taxonomy":"product_cat","embeddable":true,"href":"https:\/\/test.yafabeauty.com\/index.php\/wp-json\/wp\/v2\/product_cat?post=1113"},{"taxonomy":"product_tag","embeddable":true,"href":"https:\/\/test.yafabeauty.com\/index.php\/wp-json\/wp\/v2\/product_tag?post=1113"}],"curies":[{"name":"wp","href":"https:\/\/api.w.org\/{rel}","templated":true}]}}