{"id":1127,"date":"2025-07-12T14:05:51","date_gmt":"2025-07-12T12:05:51","guid":{"rendered":"https:\/\/test.yafabeauty.com\/?post_type=product&#038;p=1127"},"modified":"2025-07-12T14:06:27","modified_gmt":"2025-07-12T12:06:27","slug":"mousse-hydratante","status":"publish","type":"product","link":"https:\/\/test.yafabeauty.com\/index.php\/product\/mousse-hydratante\/","title":{"rendered":"Mousse hydratante"},"content":{"rendered":"<p>La p\u00e9riode de fra\u00eecheur s\u2019annonce \u00e0 grand pas et avec elle , les l\u00e8vres s\u00e8ches, la peau qui tiraille mais aussi les cheveux secs et cassants. DEUX mots d\u2019ordre NUTRITION ET HYDRATATION . Pour se faire , rien de mieux que notre MOUSSE HYDRATANTE ET NOURRISSANTE . On vous la pr\u00e9sente sans plus attendre \ud83e\udd70<br \/>\n_______________________________________<br \/>\nMousse hydratante<br \/>\nKarite &#8211; Cacao<br \/>\nVanille &#8211; coco<\/p>\n<p>Notre mousse \u00e0 base de Karite de cacao et de coco a pour bu principal de nourrir et d\u2019hydrater intens\u00e9ment la peau mais aussi les cheveux . Sa formule Chantilly , onctueuse mais l\u00e9g\u00e8re p\u00e9n\u00e8tre imm\u00e9diatement, laisse votre peau douce , maintient l&rsquo;hydratation des peaux particuli\u00e8rement s\u00e8ches mais, est \u00e9galement parfaite pour sceller votre hydratation capillaire.<br \/>\nVeritable passe partout elle peut s\u2019utiliser sur le corps , les cheveux , les l\u00e8vres , les pieds secs et gerc\u00e9s \u00e0 votre guise selon vos besoins. Un must have !!!<br \/>\n\u2014\u2014\u2014\u2014\u2014\u2014\u2014\u2014\u2014\u2014\u2014\u2014\u2014\u2014\u2014-<br \/>\nContenance 250G<\/p>\n","protected":false},"excerpt":{"rendered":"<p>Composition : Karite Cacao vanille coco<\/p>\n<p>Contenance :250G<\/p>\n","protected":false},"featured_media":1218,"comment_status":"open","ping_status":"closed","template":"","meta":[],"etheme_brands":[],"product_brand":[],"product_cat":[27,29,30,32],"product_tag":[],"class_list":{"0":"post-1127","1":"product","2":"type-product","3":"status-publish","4":"has-post-thumbnail","6":"product_cat-magic-hair-love","7":"product_cat-magic-skin-love","8":"product_cat-nouveautes","9":"product_cat-soin-de-corps","11":"first","12":"instock","13":"shipping-taxable","14":"purchasable","15":"product-type-simple"},"_links":{"self":[{"href":"https:\/\/test.yafabeauty.com\/index.php\/wp-json\/wp\/v2\/product\/1127","targetHints":{"allow":["GET"]}}],"collection":[{"href":"https:\/\/test.yafabeauty.com\/index.php\/wp-json\/wp\/v2\/product"}],"about":[{"href":"https:\/\/test.yafabeauty.com\/index.php\/wp-json\/wp\/v2\/types\/product"}],"replies":[{"embeddable":true,"href":"https:\/\/test.yafabeauty.com\/index.php\/wp-json\/wp\/v2\/comments?post=1127"}],"version-history":[{"count":1,"href":"https:\/\/test.yafabeauty.com\/index.php\/wp-json\/wp\/v2\/product\/1127\/revisions"}],"predecessor-version":[{"id":1219,"href":"https:\/\/test.yafabeauty.com\/index.php\/wp-json\/wp\/v2\/product\/1127\/revisions\/1219"}],"wp:featuredmedia":[{"embeddable":true,"href":"https:\/\/test.yafabeauty.com\/index.php\/wp-json\/wp\/v2\/media\/1218"}],"wp:attachment":[{"href":"https:\/\/test.yafabeauty.com\/index.php\/wp-json\/wp\/v2\/media?parent=1127"}],"wp:term":[{"taxonomy":"brand","embeddable":true,"href":"https:\/\/test.yafabeauty.com\/index.php\/wp-json\/wp\/v2\/etheme_brands?post=1127"},{"taxonomy":"product_brand","embeddable":true,"href":"https:\/\/test.yafabeauty.com\/index.php\/wp-json\/wp\/v2\/product_brand?post=1127"},{"taxonomy":"product_cat","embeddable":true,"href":"https:\/\/test.yafabeauty.com\/index.php\/wp-json\/wp\/v2\/product_cat?post=1127"},{"taxonomy":"product_tag","embeddable":true,"href":"https:\/\/test.yafabeauty.com\/index.php\/wp-json\/wp\/v2\/product_tag?post=1127"}],"curies":[{"name":"wp","href":"https:\/\/api.w.org\/{rel}","templated":true}]}}