{"id":1128,"date":"2025-07-12T14:05:51","date_gmt":"2025-07-12T12:05:51","guid":{"rendered":"https:\/\/test.yafabeauty.com\/?post_type=product&#038;p=1128"},"modified":"2025-07-12T14:06:28","modified_gmt":"2025-07-12T12:06:28","slug":"gommage-de-corps","status":"publish","type":"product","link":"https:\/\/test.yafabeauty.com\/index.php\/product\/gommage-de-corps\/","title":{"rendered":"Gommage de Corps"},"content":{"rendered":"<p>Gommage corps Pamplemousse &#8211; Sel Rose d\u2019Himalaya<\/p>\n<p>Brut, non raffin\u00e9 et riche en oligo-\u00e9l\u00e9ments, le Sel Rose de l\u2019Himalaya est r\u00e9put\u00e9 pour ses propri\u00e9t\u00e9s d\u00e9toxifiantes r\u00e9g\u00e9n\u00e9rantes et adoucissantes, les billes fines exfolient en douceur et n\u2019agressent pas la peau.<\/p>\n<p>\u2022Exfoliant :\u00a0la peau est d\u00e9barrass\u00e9e des cellules mortes, le grain de peau devient uniforme et liss\u00e9 , les hyperpigmentations s\u2019att\u00e9nueront au fil des utilisations.<br \/>\n\u2022Hydratant : la peau est nourrit repulp\u00e9e et adoucit gr\u00e2ce au beurre de cacao \u00e0 l\u2019huile d\u2019amande douce et au beurre de mangue.<br \/>\n\u2022Le Pamplemousse, riche en vitamine C ravivera son \u00e9clat.<\/p>\n","protected":false},"excerpt":{"rendered":"<p>Gommage corps<\/p>\n<ul>\n<li>Pamplemousse<\/li>\n<li>Sel Rose d\u2019Himalaya<\/li>\n<\/ul>\n","protected":false},"featured_media":1220,"comment_status":"open","ping_status":"closed","template":"","meta":[],"etheme_brands":[],"product_brand":[],"product_cat":[29,30,32],"product_tag":[],"class_list":{"0":"post-1128","1":"product","2":"type-product","3":"status-publish","4":"has-post-thumbnail","6":"product_cat-magic-skin-love","7":"product_cat-nouveautes","8":"product_cat-soin-de-corps","10":"first","11":"instock","12":"shipping-taxable","13":"purchasable","14":"product-type-simple"},"_links":{"self":[{"href":"https:\/\/test.yafabeauty.com\/index.php\/wp-json\/wp\/v2\/product\/1128","targetHints":{"allow":["GET"]}}],"collection":[{"href":"https:\/\/test.yafabeauty.com\/index.php\/wp-json\/wp\/v2\/product"}],"about":[{"href":"https:\/\/test.yafabeauty.com\/index.php\/wp-json\/wp\/v2\/types\/product"}],"replies":[{"embeddable":true,"href":"https:\/\/test.yafabeauty.com\/index.php\/wp-json\/wp\/v2\/comments?post=1128"}],"version-history":[{"count":1,"href":"https:\/\/test.yafabeauty.com\/index.php\/wp-json\/wp\/v2\/product\/1128\/revisions"}],"predecessor-version":[{"id":1221,"href":"https:\/\/test.yafabeauty.com\/index.php\/wp-json\/wp\/v2\/product\/1128\/revisions\/1221"}],"wp:featuredmedia":[{"embeddable":true,"href":"https:\/\/test.yafabeauty.com\/index.php\/wp-json\/wp\/v2\/media\/1220"}],"wp:attachment":[{"href":"https:\/\/test.yafabeauty.com\/index.php\/wp-json\/wp\/v2\/media?parent=1128"}],"wp:term":[{"taxonomy":"brand","embeddable":true,"href":"https:\/\/test.yafabeauty.com\/index.php\/wp-json\/wp\/v2\/etheme_brands?post=1128"},{"taxonomy":"product_brand","embeddable":true,"href":"https:\/\/test.yafabeauty.com\/index.php\/wp-json\/wp\/v2\/product_brand?post=1128"},{"taxonomy":"product_cat","embeddable":true,"href":"https:\/\/test.yafabeauty.com\/index.php\/wp-json\/wp\/v2\/product_cat?post=1128"},{"taxonomy":"product_tag","embeddable":true,"href":"https:\/\/test.yafabeauty.com\/index.php\/wp-json\/wp\/v2\/product_tag?post=1128"}],"curies":[{"name":"wp","href":"https:\/\/api.w.org\/{rel}","templated":true}]}}