{"id":1129,"date":"2025-07-12T14:05:51","date_gmt":"2025-07-12T12:05:51","guid":{"rendered":"https:\/\/test.yafabeauty.com\/?post_type=product&#038;p=1129"},"modified":"2025-07-12T14:06:30","modified_gmt":"2025-07-12T12:06:30","slug":"lotion-nettoyante-coup-declat-100ml","status":"publish","type":"product","link":"https:\/\/test.yafabeauty.com\/index.php\/product\/lotion-nettoyante-coup-declat-100ml\/","title":{"rendered":"Lotion nettoyante coup d&rsquo;\u00e9clat (100ML)"},"content":{"rendered":"<div dir=\"ltr\">Notre lotion nettoyante est une explosion de puret\u00e9 , parfaite pour les peaux \u00e0 probl\u00e8mes , elle estompe les taches , r\u00e9duit la peau grasse \u00a0, combat l&rsquo;acn\u00e9 et le melasma en association avec le savon nettoyant.<br \/>\nRetrouvez une peau repulp\u00e9e , tonifi\u00e9e et plus \u00e9clatante que jamais .Mode d&#8217;emploi : \u00c0 utiliser uniquement la nuit sur un visage pr\u00e9alablement nettoy\u00e9 et s\u00e9ch\u00e9 , \u00e0 l&rsquo;aide d&rsquo;un disque de coton \u00a0appliquer la lotion sur le visage et le cou , avant d&rsquo;appliquer votre cr\u00e8me de nuit.Composition : the vert, camomille, fleur de rose , hibiscus extrait de jasmin , jus daloe vera , vitamine C .Ne s&rsquo;utilise pas sur les rougeurs \u00a0ainsi que sur une peau irrit\u00e9e .<br \/>\nMettre une creme solaire en journee<\/p>\n<p>&nbsp;<\/p>\n<\/div>\n","protected":false},"excerpt":{"rendered":"<div dir=\"ltr\">\n<div dir=\"ltr\">Parfaite pour les peaux \u00e0 probl\u00e8mes<\/div>\n<\/div>\n<p class=\"p1\">\u2022Estompe les taches<\/p>\n<p class=\"p1\">\u2022R\u00e9duit la peau grasse<\/p>\n<p class=\"p1\">\u2022Combat l&rsquo;acn\u00e9 et le melasma<\/p>\n<p class=\"p1\">\n","protected":false},"featured_media":1223,"comment_status":"open","ping_status":"closed","template":"","meta":[],"etheme_brands":[],"product_brand":[],"product_cat":[29,30,31],"product_tag":[],"class_list":{"0":"post-1129","1":"product","2":"type-product","3":"status-publish","4":"has-post-thumbnail","6":"product_cat-magic-skin-love","7":"product_cat-nouveautes","8":"product_cat-soin-de-visage","10":"first","11":"instock","12":"shipping-taxable","13":"purchasable","14":"product-type-simple"},"_links":{"self":[{"href":"https:\/\/test.yafabeauty.com\/index.php\/wp-json\/wp\/v2\/product\/1129","targetHints":{"allow":["GET"]}}],"collection":[{"href":"https:\/\/test.yafabeauty.com\/index.php\/wp-json\/wp\/v2\/product"}],"about":[{"href":"https:\/\/test.yafabeauty.com\/index.php\/wp-json\/wp\/v2\/types\/product"}],"replies":[{"embeddable":true,"href":"https:\/\/test.yafabeauty.com\/index.php\/wp-json\/wp\/v2\/comments?post=1129"}],"version-history":[{"count":1,"href":"https:\/\/test.yafabeauty.com\/index.php\/wp-json\/wp\/v2\/product\/1129\/revisions"}],"predecessor-version":[{"id":1224,"href":"https:\/\/test.yafabeauty.com\/index.php\/wp-json\/wp\/v2\/product\/1129\/revisions\/1224"}],"wp:featuredmedia":[{"embeddable":true,"href":"https:\/\/test.yafabeauty.com\/index.php\/wp-json\/wp\/v2\/media\/1223"}],"wp:attachment":[{"href":"https:\/\/test.yafabeauty.com\/index.php\/wp-json\/wp\/v2\/media?parent=1129"}],"wp:term":[{"taxonomy":"brand","embeddable":true,"href":"https:\/\/test.yafabeauty.com\/index.php\/wp-json\/wp\/v2\/etheme_brands?post=1129"},{"taxonomy":"product_brand","embeddable":true,"href":"https:\/\/test.yafabeauty.com\/index.php\/wp-json\/wp\/v2\/product_brand?post=1129"},{"taxonomy":"product_cat","embeddable":true,"href":"https:\/\/test.yafabeauty.com\/index.php\/wp-json\/wp\/v2\/product_cat?post=1129"},{"taxonomy":"product_tag","embeddable":true,"href":"https:\/\/test.yafabeauty.com\/index.php\/wp-json\/wp\/v2\/product_tag?post=1129"}],"curies":[{"name":"wp","href":"https:\/\/api.w.org\/{rel}","templated":true}]}}