{"id":1180,"date":"2025-07-12T14:06:12","date_gmt":"2025-07-12T12:06:12","guid":{"rendered":"https:\/\/test.yafabeauty.com\/?post_type=product&#038;p=1180"},"modified":"2025-07-12T14:06:31","modified_gmt":"2025-07-12T12:06:31","slug":"masque-hydrogel-ressourcant","status":"publish","type":"product","link":"https:\/\/test.yafabeauty.com\/index.php\/product\/masque-hydrogel-ressourcant\/","title":{"rendered":"Masque hydrogel ressour\u00e7ant"},"content":{"rendered":"<p>Masque hydrogel<br \/>\nRessour\u00e7ant<\/p>\n<p>Notre masque \u00e0 la texture g\u00e9lifi\u00e9e, est une explosion d\u2019hydratation sur la peau du visage. D\u00e8s son application votre peau est ressourc\u00e9e , retrouve toute sa fra\u00eecheur , son \u00e9clat et son \u00e9lasticit\u00e9.<br \/>\nAu fil des utilisations elle sera illumin\u00e9e , repulp\u00e9e, hydrat\u00e9e , apais\u00e9e, unifi\u00e9e et matifi\u00e9e.<\/p>\n<p>Mode d\u2019emploi :<br \/>\nA appliquer 1 fois par semaine , id\u00e9alement apr\u00e8s votre gommage visage yafabeauty , laisser poser 20 \u00e0 30 min pour une bonne p\u00e9n\u00e9tration.<br \/>\nRincer le visage \u00e0 l\u2019eau claire . Appliquer ensuite votre cr\u00e8me visage.<\/p>\n<p>Convient \u00e0 tous les types de peaux non comedogene , non irritant.<\/p>\n<p>Composition : Eau, glycerine, polyglyceryl 10 stearate, pineapple fruit extract, citrus fruit extract , xanthan gum, panthenol, caprylic capric triglyc\u00e9ride, hippophae oil(huile dargousier, aloe barbadensis extract (aloe vera), propylene glycol, arbutin, phenoxyethanol, tocopherol (vitamin E)<\/p>\n","protected":false},"excerpt":{"rendered":"<p>Masque hydrogel Ressour\u00e7ant Notre masque \u00e0 la texture g\u00e9lifi\u00e9e, est une explosion d\u2019hydratation sur la peau du visage. D\u00e8s son application votre peau est ressourc\u00e9e&#8230;<\/p>\n","protected":false},"featured_media":1227,"comment_status":"open","ping_status":"closed","template":"","meta":[],"etheme_brands":[],"product_brand":[],"product_cat":[29,31],"product_tag":[],"class_list":{"0":"post-1180","1":"product","2":"type-product","3":"status-publish","4":"has-post-thumbnail","6":"product_cat-magic-skin-love","7":"product_cat-soin-de-visage","9":"first","10":"instock","11":"shipping-taxable","12":"purchasable","13":"product-type-simple"},"_links":{"self":[{"href":"https:\/\/test.yafabeauty.com\/index.php\/wp-json\/wp\/v2\/product\/1180","targetHints":{"allow":["GET"]}}],"collection":[{"href":"https:\/\/test.yafabeauty.com\/index.php\/wp-json\/wp\/v2\/product"}],"about":[{"href":"https:\/\/test.yafabeauty.com\/index.php\/wp-json\/wp\/v2\/types\/product"}],"replies":[{"embeddable":true,"href":"https:\/\/test.yafabeauty.com\/index.php\/wp-json\/wp\/v2\/comments?post=1180"}],"version-history":[{"count":1,"href":"https:\/\/test.yafabeauty.com\/index.php\/wp-json\/wp\/v2\/product\/1180\/revisions"}],"predecessor-version":[{"id":1228,"href":"https:\/\/test.yafabeauty.com\/index.php\/wp-json\/wp\/v2\/product\/1180\/revisions\/1228"}],"wp:featuredmedia":[{"embeddable":true,"href":"https:\/\/test.yafabeauty.com\/index.php\/wp-json\/wp\/v2\/media\/1227"}],"wp:attachment":[{"href":"https:\/\/test.yafabeauty.com\/index.php\/wp-json\/wp\/v2\/media?parent=1180"}],"wp:term":[{"taxonomy":"brand","embeddable":true,"href":"https:\/\/test.yafabeauty.com\/index.php\/wp-json\/wp\/v2\/etheme_brands?post=1180"},{"taxonomy":"product_brand","embeddable":true,"href":"https:\/\/test.yafabeauty.com\/index.php\/wp-json\/wp\/v2\/product_brand?post=1180"},{"taxonomy":"product_cat","embeddable":true,"href":"https:\/\/test.yafabeauty.com\/index.php\/wp-json\/wp\/v2\/product_cat?post=1180"},{"taxonomy":"product_tag","embeddable":true,"href":"https:\/\/test.yafabeauty.com\/index.php\/wp-json\/wp\/v2\/product_tag?post=1180"}],"curies":[{"name":"wp","href":"https:\/\/api.w.org\/{rel}","templated":true}]}}