{"id":1183,"date":"2025-07-12T14:06:12","date_gmt":"2025-07-12T12:06:12","guid":{"rendered":"https:\/\/test.yafabeauty.com\/?post_type=product&#038;p=1183"},"modified":"2025-07-12T14:06:35","modified_gmt":"2025-07-12T12:06:35","slug":"brosse-demelante-magique","status":"publish","type":"product","link":"https:\/\/test.yafabeauty.com\/index.php\/product\/brosse-demelante-magique\/","title":{"rendered":"Brosse d\u00e9m\u00ealante magique"},"content":{"rendered":"<p>Cette brosse ovale r\u00e9volutionnaire s\u00e9pare les cheveux de la racine \u00e0 la pointe gr\u00e2ce \u00e0 un motif r\u00e9volutionnaire, ce qui facilite le brossage des cheveux sans endommager vos boucles ou vos ondulations.<br \/>\nLa poign\u00e9e ergonomique sp\u00e9cialement con\u00e7ue vous permettra de brosser votre crini\u00e8re en un clin d\u2019\u0153il, avec une t\u00eate compl\u00e8te \u2013 solution \u00e0 toutes les m\u00e8ches emm\u00eal\u00e9es afin que le d\u00e9m\u00ealage devienne une vrai partie de plaisir.<\/p>\n","protected":false},"excerpt":{"rendered":"<p>Cette brosse ovale r\u00e9volutionnaire s\u00e9pare les cheveux de la racine \u00e0 la pointe gr\u00e2ce \u00e0 un motif r\u00e9volutionnaire, ce qui facilite le brossage des cheveux&#8230;<\/p>\n","protected":false},"featured_media":1233,"comment_status":"open","ping_status":"closed","template":"","meta":[],"etheme_brands":[],"product_brand":[],"product_cat":[35,27,28],"product_tag":[],"class_list":{"0":"post-1183","1":"product","2":"type-product","3":"status-publish","4":"has-post-thumbnail","6":"product_cat-accessoires","7":"product_cat-magic-hair-love","8":"product_cat-produits-pour-cheveux","10":"first","11":"instock","12":"shipping-taxable","13":"purchasable","14":"product-type-simple"},"_links":{"self":[{"href":"https:\/\/test.yafabeauty.com\/index.php\/wp-json\/wp\/v2\/product\/1183","targetHints":{"allow":["GET"]}}],"collection":[{"href":"https:\/\/test.yafabeauty.com\/index.php\/wp-json\/wp\/v2\/product"}],"about":[{"href":"https:\/\/test.yafabeauty.com\/index.php\/wp-json\/wp\/v2\/types\/product"}],"replies":[{"embeddable":true,"href":"https:\/\/test.yafabeauty.com\/index.php\/wp-json\/wp\/v2\/comments?post=1183"}],"version-history":[{"count":1,"href":"https:\/\/test.yafabeauty.com\/index.php\/wp-json\/wp\/v2\/product\/1183\/revisions"}],"predecessor-version":[{"id":1234,"href":"https:\/\/test.yafabeauty.com\/index.php\/wp-json\/wp\/v2\/product\/1183\/revisions\/1234"}],"wp:featuredmedia":[{"embeddable":true,"href":"https:\/\/test.yafabeauty.com\/index.php\/wp-json\/wp\/v2\/media\/1233"}],"wp:attachment":[{"href":"https:\/\/test.yafabeauty.com\/index.php\/wp-json\/wp\/v2\/media?parent=1183"}],"wp:term":[{"taxonomy":"brand","embeddable":true,"href":"https:\/\/test.yafabeauty.com\/index.php\/wp-json\/wp\/v2\/etheme_brands?post=1183"},{"taxonomy":"product_brand","embeddable":true,"href":"https:\/\/test.yafabeauty.com\/index.php\/wp-json\/wp\/v2\/product_brand?post=1183"},{"taxonomy":"product_cat","embeddable":true,"href":"https:\/\/test.yafabeauty.com\/index.php\/wp-json\/wp\/v2\/product_cat?post=1183"},{"taxonomy":"product_tag","embeddable":true,"href":"https:\/\/test.yafabeauty.com\/index.php\/wp-json\/wp\/v2\/product_tag?post=1183"}],"curies":[{"name":"wp","href":"https:\/\/api.w.org\/{rel}","templated":true}]}}