{"id":1188,"date":"2025-07-12T14:06:13","date_gmt":"2025-07-12T12:06:13","guid":{"rendered":"https:\/\/test.yafabeauty.com\/?post_type=product&#038;p=1188"},"modified":"2025-07-12T14:06:43","modified_gmt":"2025-07-12T12:06:43","slug":"baume-a-levres-delice-cacao-menthe","status":"publish","type":"product","link":"https:\/\/test.yafabeauty.com\/index.php\/product\/baume-a-levres-delice-cacao-menthe\/","title":{"rendered":"Baume \u00e0 levres Delice Cacao-Menthe"},"content":{"rendered":"<p>Savourez la caresse gourmande de notre nouveau baume \u00e0 l\u00e8vres \u00ab\u00a0D\u00e9lice Cacao-Menthe\u00a0\u00bb. Infus\u00e9 d&rsquo;essences naturelles, ce petit bijou de soin combine l&rsquo;hydratation intense et le riche pouvoir nourrissant du beurre de cacao avec le frisson rafra\u00eechissant de la menthe douce. Con\u00e7u pour embellir et lisser vos l\u00e8vres, ce baume transforme chaque application en un moment de bonheur sensoriel. Succombez \u00e0 un sourire irr\u00e9sistiblement souple et d\u00e9licatement parfum\u00e9, votre alli\u00e9 quotidien pour des l\u00e8vres s\u00e9duisantes et saines.<\/p>\n","protected":false},"excerpt":{"rendered":"<p>Savourez la caresse gourmande de notre nouveau baume \u00e0 l\u00e8vres \u00ab\u00a0D\u00e9lice Cacao-Menthe\u00a0\u00bb. Infus\u00e9 d&rsquo;essences naturelles, ce petit bijou de soin combine l&rsquo;hydratation intense et le&#8230;<\/p>\n","protected":false},"featured_media":1253,"comment_status":"open","ping_status":"closed","template":"","meta":[],"etheme_brands":[],"product_brand":[],"product_cat":[29,30,32,31],"product_tag":[],"class_list":{"0":"post-1188","1":"product","2":"type-product","3":"status-publish","4":"has-post-thumbnail","6":"product_cat-magic-skin-love","7":"product_cat-nouveautes","8":"product_cat-soin-de-corps","9":"product_cat-soin-de-visage","11":"first","12":"instock","13":"shipping-taxable","14":"purchasable","15":"product-type-simple"},"_links":{"self":[{"href":"https:\/\/test.yafabeauty.com\/index.php\/wp-json\/wp\/v2\/product\/1188","targetHints":{"allow":["GET"]}}],"collection":[{"href":"https:\/\/test.yafabeauty.com\/index.php\/wp-json\/wp\/v2\/product"}],"about":[{"href":"https:\/\/test.yafabeauty.com\/index.php\/wp-json\/wp\/v2\/types\/product"}],"replies":[{"embeddable":true,"href":"https:\/\/test.yafabeauty.com\/index.php\/wp-json\/wp\/v2\/comments?post=1188"}],"version-history":[{"count":1,"href":"https:\/\/test.yafabeauty.com\/index.php\/wp-json\/wp\/v2\/product\/1188\/revisions"}],"predecessor-version":[{"id":1254,"href":"https:\/\/test.yafabeauty.com\/index.php\/wp-json\/wp\/v2\/product\/1188\/revisions\/1254"}],"wp:featuredmedia":[{"embeddable":true,"href":"https:\/\/test.yafabeauty.com\/index.php\/wp-json\/wp\/v2\/media\/1253"}],"wp:attachment":[{"href":"https:\/\/test.yafabeauty.com\/index.php\/wp-json\/wp\/v2\/media?parent=1188"}],"wp:term":[{"taxonomy":"brand","embeddable":true,"href":"https:\/\/test.yafabeauty.com\/index.php\/wp-json\/wp\/v2\/etheme_brands?post=1188"},{"taxonomy":"product_brand","embeddable":true,"href":"https:\/\/test.yafabeauty.com\/index.php\/wp-json\/wp\/v2\/product_brand?post=1188"},{"taxonomy":"product_cat","embeddable":true,"href":"https:\/\/test.yafabeauty.com\/index.php\/wp-json\/wp\/v2\/product_cat?post=1188"},{"taxonomy":"product_tag","embeddable":true,"href":"https:\/\/test.yafabeauty.com\/index.php\/wp-json\/wp\/v2\/product_tag?post=1188"}],"curies":[{"name":"wp","href":"https:\/\/api.w.org\/{rel}","templated":true}]}}