{"id":1193,"date":"2025-07-12T14:06:13","date_gmt":"2025-07-12T12:06:13","guid":{"rendered":"https:\/\/test.yafabeauty.com\/?post_type=product&#038;p=1193"},"modified":"2025-07-12T14:06:53","modified_gmt":"2025-07-12T12:06:53","slug":"set-rouleau-de-jade-plus-pierre-de-geisha-en-quartz","status":"publish","type":"product","link":"https:\/\/test.yafabeauty.com\/index.php\/product\/set-rouleau-de-jade-plus-pierre-de-geisha-en-quartz\/","title":{"rendered":"Set rouleau de jade plus pierre de Geisha en quartz"},"content":{"rendered":"<p>D\u00e9couvrez le bien-\u00eatre ancestral avec notre Set exclusif comprenant un rouleau de jade authentique et une pierre de Geisha en quartz raffin\u00e9. Parfait pour revigorer votre routine de soins de la peau, ce duo de beaut\u00e9 utilise les propri\u00e9t\u00e9s naturellement apaisantes du jade et du quartz pour stimuler la circulation, favoriser l&rsquo;\u00e9lasticit\u00e9 de la peau et att\u00e9nuer les signes de stress. Le rouleau de jade glisse en douceur sur votre visage, favorisant le drainage lymphatique et la d\u00e9tente des muscles faciaux, tandis que la pierre de Geisha, tenue dans la main, est le compl\u00e9ment parfait pour un massage corporel ou une m\u00e9ditation relaxante. Faites l&rsquo;exp\u00e9rience d&rsquo;une routine de beaut\u00e9 luxueuse et retrouvez un teint lumineux et une peau visiblement rajeunie. Ajoutez une touche de luxe \u00e0 votre quotidien avec notre Set rouleau de jade et pierre de Geisha en quartz.<\/p>\n","protected":false},"excerpt":{"rendered":"<blockquote><p>&nbsp;<\/p><\/blockquote>\n","protected":false},"featured_media":1271,"comment_status":"open","ping_status":"closed","template":"","meta":[],"etheme_brands":[],"product_brand":[],"product_cat":[35,29,30,31],"product_tag":[],"class_list":{"0":"post-1193","1":"product","2":"type-product","3":"status-publish","4":"has-post-thumbnail","6":"product_cat-accessoires","7":"product_cat-magic-skin-love","8":"product_cat-nouveautes","9":"product_cat-soin-de-visage","11":"first","12":"instock","13":"shipping-taxable","14":"purchasable","15":"product-type-simple"},"_links":{"self":[{"href":"https:\/\/test.yafabeauty.com\/index.php\/wp-json\/wp\/v2\/product\/1193","targetHints":{"allow":["GET"]}}],"collection":[{"href":"https:\/\/test.yafabeauty.com\/index.php\/wp-json\/wp\/v2\/product"}],"about":[{"href":"https:\/\/test.yafabeauty.com\/index.php\/wp-json\/wp\/v2\/types\/product"}],"replies":[{"embeddable":true,"href":"https:\/\/test.yafabeauty.com\/index.php\/wp-json\/wp\/v2\/comments?post=1193"}],"version-history":[{"count":1,"href":"https:\/\/test.yafabeauty.com\/index.php\/wp-json\/wp\/v2\/product\/1193\/revisions"}],"predecessor-version":[{"id":1272,"href":"https:\/\/test.yafabeauty.com\/index.php\/wp-json\/wp\/v2\/product\/1193\/revisions\/1272"}],"wp:featuredmedia":[{"embeddable":true,"href":"https:\/\/test.yafabeauty.com\/index.php\/wp-json\/wp\/v2\/media\/1271"}],"wp:attachment":[{"href":"https:\/\/test.yafabeauty.com\/index.php\/wp-json\/wp\/v2\/media?parent=1193"}],"wp:term":[{"taxonomy":"brand","embeddable":true,"href":"https:\/\/test.yafabeauty.com\/index.php\/wp-json\/wp\/v2\/etheme_brands?post=1193"},{"taxonomy":"product_brand","embeddable":true,"href":"https:\/\/test.yafabeauty.com\/index.php\/wp-json\/wp\/v2\/product_brand?post=1193"},{"taxonomy":"product_cat","embeddable":true,"href":"https:\/\/test.yafabeauty.com\/index.php\/wp-json\/wp\/v2\/product_cat?post=1193"},{"taxonomy":"product_tag","embeddable":true,"href":"https:\/\/test.yafabeauty.com\/index.php\/wp-json\/wp\/v2\/product_tag?post=1193"}],"curies":[{"name":"wp","href":"https:\/\/api.w.org\/{rel}","templated":true}]}}