{"id":1195,"date":"2025-07-12T14:06:13","date_gmt":"2025-07-12T12:06:13","guid":{"rendered":"https:\/\/test.yafabeauty.com\/?post_type=product&#038;p=1195"},"modified":"2025-07-12T14:06:56","modified_gmt":"2025-07-12T12:06:56","slug":"roche-posay-anthelios-uvemune-400","status":"publish","type":"product","link":"https:\/\/test.yafabeauty.com\/index.php\/product\/roche-posay-anthelios-uvemune-400\/","title":{"rendered":"ROCHE POSAY ANTHELIOS UVEMUNE 400"},"content":{"rendered":"<p>La Roche-Posay Anthelios Fluide Invisible sans Parfum SPF50+ 50ml est un fluide solaire sans parfum qui prot\u00e8ge contre le soleil. Ce fluide anti-picotement oculaire, r\u00e9siste \u00e0 l\u2019eau, \u00e0 la transpiration et au sable. Il prot\u00e8ge contre les UVA, UVB, les infrarouge et la pollution. Il ne laisse pas de traces et convient \u00e0 tous les types de peau. Il est r\u00e9sistante \u00e0 l\u2019eau, au sable et \u00e0 la transpiration. Il pr\u00e9vient des taches pigmentaires et autre effets n\u00e9fastes du soleil tout en conservant une texture fluide, un fini imperceptible et non collant. Il est adapt\u00e9 aux peaux sensibles par ses vertus apaisantes et anti-irritantes.<br \/>\nTest\u00e9 sous contr\u00f4le dermatologique et ophtalmologique. La formule est sans parfum.<\/p>\n","protected":false},"excerpt":{"rendered":"<p>La Roche-Posay Anthelios Fluide Invisible sans Parfum SPF50+ 50ml est un fluide solaire sans parfum qui prot\u00e8ge contre le soleil. Ce fluide anti-picotement oculaire, r\u00e9siste&#8230;<\/p>\n","protected":false},"featured_media":1277,"comment_status":"open","ping_status":"closed","template":"","meta":[],"etheme_brands":[],"product_brand":[],"product_cat":[29,30,31],"product_tag":[],"class_list":{"0":"post-1195","1":"product","2":"type-product","3":"status-publish","4":"has-post-thumbnail","6":"product_cat-magic-skin-love","7":"product_cat-nouveautes","8":"product_cat-soin-de-visage","10":"first","11":"instock","12":"shipping-taxable","13":"purchasable","14":"product-type-simple"},"_links":{"self":[{"href":"https:\/\/test.yafabeauty.com\/index.php\/wp-json\/wp\/v2\/product\/1195","targetHints":{"allow":["GET"]}}],"collection":[{"href":"https:\/\/test.yafabeauty.com\/index.php\/wp-json\/wp\/v2\/product"}],"about":[{"href":"https:\/\/test.yafabeauty.com\/index.php\/wp-json\/wp\/v2\/types\/product"}],"replies":[{"embeddable":true,"href":"https:\/\/test.yafabeauty.com\/index.php\/wp-json\/wp\/v2\/comments?post=1195"}],"version-history":[{"count":1,"href":"https:\/\/test.yafabeauty.com\/index.php\/wp-json\/wp\/v2\/product\/1195\/revisions"}],"predecessor-version":[{"id":1278,"href":"https:\/\/test.yafabeauty.com\/index.php\/wp-json\/wp\/v2\/product\/1195\/revisions\/1278"}],"wp:featuredmedia":[{"embeddable":true,"href":"https:\/\/test.yafabeauty.com\/index.php\/wp-json\/wp\/v2\/media\/1277"}],"wp:attachment":[{"href":"https:\/\/test.yafabeauty.com\/index.php\/wp-json\/wp\/v2\/media?parent=1195"}],"wp:term":[{"taxonomy":"brand","embeddable":true,"href":"https:\/\/test.yafabeauty.com\/index.php\/wp-json\/wp\/v2\/etheme_brands?post=1195"},{"taxonomy":"product_brand","embeddable":true,"href":"https:\/\/test.yafabeauty.com\/index.php\/wp-json\/wp\/v2\/product_brand?post=1195"},{"taxonomy":"product_cat","embeddable":true,"href":"https:\/\/test.yafabeauty.com\/index.php\/wp-json\/wp\/v2\/product_cat?post=1195"},{"taxonomy":"product_tag","embeddable":true,"href":"https:\/\/test.yafabeauty.com\/index.php\/wp-json\/wp\/v2\/product_tag?post=1195"}],"curies":[{"name":"wp","href":"https:\/\/api.w.org\/{rel}","templated":true}]}}